{"id":5451,"date":"2026-04-20T09:12:10","date_gmt":"2026-04-20T07:12:10","guid":{"rendered":"https:\/\/northwest-alliance.de\/?page_id=5451"},"modified":"2026-04-20T09:30:54","modified_gmt":"2026-04-20T07:30:54","slug":"green-energy-transition","status":"publish","type":"page","link":"https:\/\/northwest-alliance.de\/en\/startseite\/high-profile-areas\/green-energy-transition\/","title":{"rendered":"Green Energy Transition"},"content":{"rendered":"<section class=\"l-section wpb_row height_small\"><div class=\"l-section-h i-cf\"><div class=\"g-cols vc_row via_flex valign_top type_default stacking_default\"><div class=\"vc_col-sm-12 wpb_column vc_column_container\"><div class=\"vc_column-inner\"><div class=\"wpb_wrapper\"><div class=\"w-image align_left\"><div class=\"w-image-h\"><img decoding=\"async\" width=\"1920\" height=\"600\" src=\"https:\/\/northwest-alliance.de\/wp-content\/uploads\/2026\/04\/Slider_Nachhaltige-Energietrasitionen_lang1.jpg\" class=\"attachment-full size-full\" alt=\"Kr\u00e4ne und Industrieschornsteine in einer Landschaft im Nebel.\" loading=\"lazy\" srcset=\"https:\/\/northwest-alliance.de\/wp-content\/uploads\/2026\/04\/Slider_Nachhaltige-Energietrasitionen_lang1.jpg 1920w, https:\/\/northwest-alliance.de\/wp-content\/uploads\/2026\/04\/Slider_Nachhaltige-Energietrasitionen_lang1-300x94.jpg 300w, https:\/\/northwest-alliance.de\/wp-content\/uploads\/2026\/04\/Slider_Nachhaltige-Energietrasitionen_lang1-1024x320.jpg 1024w\" sizes=\"auto, (max-width: 1920px) 100vw, 1920px\" \/><\/div><\/div><div class=\"w-separator size_medium\"><\/div><div class=\"wpb_text_column\"><div class=\"wpb_wrapper\"><h1><span style=\"color: #264f7b;\">NACHHALTIGE ENERGIETRANSITIONEN<\/span><\/h1>\n<\/div><\/div><\/div><\/div><\/div><\/div><\/div><\/section><section class=\"l-section wpb_row us_custom_1b5c7b67 height_small\"><div class=\"l-section-h i-cf\"><div class=\"g-cols vc_row via_flex valign_top type_default stacking_default\"><div class=\"vc_col-sm-3 wpb_column vc_column_container\"><div class=\"vc_column-inner\"><div class=\"wpb_wrapper\"><div class=\"wpb_text_column\"><div class=\"wpb_wrapper\"><h2><span style=\"color: #264f7b;\">Energiewende gestalten<\/span><\/h2>\n<\/div><\/div><\/div><\/div><\/div><div class=\"vc_col-sm-9 wpb_column vc_column_container\"><div class=\"vc_column-inner\"><div class=\"wpb_wrapper\"><div class=\"wpb_text_column\"><div class=\"wpb_wrapper\"><div id=\"meta-origin\" data-coolorigin=\"https%3A%2F%2Fnc-texteditor.zfn.uni-bremen.de%2Fcool%2Fclipboard%3FWOPISrc%3Dhttps%253A%252F%252Fnc.uni-bremen.de%252Findex.php%252Fapps%252Frichdocuments%252Fwopi%252Ffiles%252F154520805_ocgxszb3fhcm%26ServerId%3D1d3a5d2b%26ViewId%3D4%26Tag%3D6a0f893468d2ef5b\">\n<h3>Die Energiewende ist ein hochdynamischer Prozess, der technologische Innovation, gesellschaftliche Akzeptanz und wirtschaftliche Tragf\u00e4higkeit miteinander verbinden muss. Die Nordwestregion mit den Zentren Bremen und Oldenburg entwickelt sich zur f\u00fchrenden Energieregion Deutschlands, die einzigartige Bedingungen f\u00fcr Forschung und Transfer: Hier gibt es K\u00fcsten- und Hafeninfrastrukturen, gro\u00dfe Fl\u00e4chenressourcen sowie Potenziale f\u00fcr Windenergie und Wasserstoff.<\/h3>\n<\/div>\n<\/div><\/div><div class=\"w-separator size_small with_line width_default thick_1 style_solid color_border align_center\"><div class=\"w-separator-h\"><\/div><\/div><\/div><\/div><\/div><\/div><\/div><\/section><section class=\"l-section wpb_row height_small\"><div class=\"l-section-h i-cf\"><div class=\"g-cols vc_row via_flex valign_top type_default stacking_default\"><div class=\"vc_col-sm-3 wpb_column vc_column_container\"><div class=\"vc_column-inner\"><div class=\"wpb_wrapper\"><div class=\"wpb_text_column us_custom_cfa92560\"><div class=\"wpb_wrapper\"><h3 style=\"text-align: left;\">Disziplinen<\/h3>\n<div id=\"meta-origin\" data-coolorigin=\"https%3A%2F%2Fnc-texteditor.zfn.uni-bremen.de%2Fcool%2Fclipboard%3FWOPISrc%3Dhttps%253A%252F%252Fnc.uni-bremen.de%252Findex.php%252Fapps%252Frichdocuments%252Fwopi%252Ffiles%252F154520805_ocgxszb3fhcm%26ServerId%3D1d3a5d2b%26ViewId%3D4%26Tag%3D6a0f893468d2ef5b\">\n<p>Chemie<br \/>\nElektrotechnik<br \/>\nInformatik<br \/>\nMaschinenbau<br \/>\nMathematik<br \/>\nPhysik<br \/>\nProduktionstechnik<br \/>\nRechtswissenschaften<br \/>\nSozialwissenschaften<br \/>\nWirtschaftswissenschaften<\/p>\n<\/div>\n<\/div><\/div><\/div><\/div><\/div><div class=\"vc_col-sm-9 wpb_column vc_column_container\"><div class=\"vc_column-inner\"><div class=\"wpb_wrapper\"><div class=\"wpb_text_column\"><div class=\"wpb_wrapper\"><div id=\"meta-origin\" data-coolorigin=\"https%3A%2F%2Fnc-texteditor.zfn.uni-bremen.de%2Fcool%2Fclipboard%3FWOPISrc%3Dhttps%253A%252F%252Fnc.uni-bremen.de%252Findex.php%252Fapps%252Frichdocuments%252Fwopi%252Ffiles%252F154520805_ocgxszb3fhcm%26ServerId%3D1d3a5d2b%26ViewId%3D4%26Tag%3D6a0f893468d2ef5b\">\n<p>In der Northwest Alliance f\u00fchrt sozio-technische Perspektiven aus Bremen, Oldenburg und der Rijksuniversiteit Groningen (RUG) werden zusammenen. Labore, Tiny Houses, digitale Zwillinge und weitere Infrastrukturen unterst\u00fctzen die Forschung und Ausbildung. Geplant ist ein Sonderforschungsbereich \u201ePushing Socio-Technical Boundaries of Energy Transition\u201c, der die interdisziplin\u00e4re Zusammenarbeit weiter st\u00e4rkt.<\/p>\n<p>Die Partnerinstitutionen bringen komplement\u00e4re Expertise ein: Die Universit\u00e4t Bremen deckt Ingenieurwissenschaften, Resilienz- und Transition Studies, Logistik, Produktion und Techno-Mathematik ab. An der Universit\u00e4t Oldenburg liegen die Schwerpunkte unter anderem auf Energieinformatik, Energie- und Umweltrecht, sowie Sozial- und Wirtschaftswissenschaften. Erg\u00e4nzend steuern Forschende der RUG Wissen in sozialer Berechnung, Raumplanung, Psychologie und Transition Justice bei.<\/p>\n<p>Tragende Strukturen wie der <a href=\"https:\/\/www.efzn.de\/\" target=\"_blank\" rel=\"noopener\">EFZN-Knoten \u2013 Energie-Forschungszentrum Niedersachsen<\/a>, das <a href=\"https:\/\/www.uni-bremen.de\/best\/ueber-uns\" target=\"_blank\" rel=\"noopener\">BEST-Zentrum \u2013 Bremer Zentrum f\u00fcr Energie- und Umweltforschung<\/a> und <a href=\"https:\/\/forwind.de\/\" target=\"_blank\" rel=\"noopener\">ForWind \u2013 Zentrum f\u00fcr Windenergieforschung, sowie Partner<\/a> wie <a href=\"https:\/\/www.offis.de\/index.html\" target=\"_blank\" rel=\"noopener\">OFFIS \u2013 Institut f\u00fcr Informatik<\/a>, <a href=\"https:\/\/www.dlr.de\/de\" target=\"_blank\" rel=\"noopener\">DLR \u2013 Deutsches Zentrum f\u00fcr Luft- und Raumfahrt<\/a> und Fraunhofer-Institute treiben Forschung, Transfer und Qualifizierung voran. Programme f\u00fcr Fach- und F\u00fchrungskr\u00e4fte sowie Lehrkr\u00e4ftebildung f\u00f6rdern ein langfristiges Bewusstsein f\u00fcr Nachhaltigkeit und aktive Beteiligung an der Energietransformation.<\/p>\n<\/div>\n<\/div><\/div><\/div><\/div><\/div><\/div><\/div><\/section><section class=\"l-section wpb_row us_custom_ccf248bf height_small with_img\"><div class=\"l-section-img\" role=\"img\" aria-label=\"Image\" data-img-width=\"\" data-img-height=\"\" style=\"background-image: url(https:\/\/northwest-alliance.de\/wp-content\/uploads\/2026\/02\/EXU_Kompass_315Grad_weiss.svg);background-position: center right;background-repeat: no-repeat;background-size: contain;\"><\/div><div class=\"l-section-h i-cf\"><div class=\"g-cols vc_row via_flex valign_top type_default stacking_default\"><div class=\"vc_col-sm-8 wpb_column vc_column_container\"><div class=\"vc_column-inner\"><div class=\"wpb_wrapper\"><div class=\"wpb_text_column\"><div class=\"wpb_wrapper\"><h2 style=\"text-align: left;\">Zentrale Forschungsinitiativen<\/h2>\n<\/div><\/div><div class=\"w-separator size_small\"><\/div><div class=\"g-cols wpb_row via_flex valign_top type_default stacking_default\"><div class=\"vc_col-sm-6 wpb_column vc_column_container\"><div class=\"vc_column-inner\"><div class=\"wpb_wrapper\"><div class=\"wpb_text_column\"><div class=\"wpb_wrapper\"><ul>\n<li><a href=\"https:\/\/www.efzn.de\/ten\" target=\"_blank\" rel=\"noopener\"><span lang=\"en-GB\">Forschungsprojekt TEN.efzn<\/span><\/a><\/li>\n<li id=\"meta-origin\" data-coolorigin=\"https%3A%2F%2Fnc-texteditor.zfn.uni-bremen.de%2Fcool%2Fclipboard%3FWOPISrc%3Dhttps%253A%252F%252Fnc.uni-bremen.de%252Findex.php%252Fapps%252Frichdocuments%252Fwopi%252Ffiles%252F154520805_ocgxszb3fhcm%26ServerId%3D1d3a5d2b%26ViewId%3D4%26Tag%3D6a0f893468d2ef5b\"><a href=\"https:\/\/www.hybit.org\/\" target=\"_blank\" rel=\"noopener\"><span lang=\"en-GB\">Forschungsprojekt hyBit<\/span><\/a><span lang=\"en-GB\"><\/span><\/li>\n<li data-coolorigin=\"https%3A%2F%2Fnc-texteditor.zfn.uni-bremen.de%2Fcool%2Fclipboard%3FWOPISrc%3Dhttps%253A%252F%252Fnc.uni-bremen.de%252Findex.php%252Fapps%252Frichdocuments%252Fwopi%252Ffiles%252F154520805_ocgxszb3fhcm%26ServerId%3D1d3a5d2b%26ViewId%3D4%26Tag%3D6a0f893468d2ef5b\"><span lang=\"en-GB\"><\/span><a href=\"https:\/\/www.waermewende-nordwest.de\" target=\"_blank\" rel=\"noopener\"><span lang=\"en-GB\">Forschungsprojekt W\u00e4rmewendeNordwest (WWNW)<\/span><\/a><\/li>\n<\/ul>\n<\/div><\/div><\/div><\/div><\/div><div class=\"vc_col-sm-6 wpb_column vc_column_container\"><div class=\"vc_column-inner\"><div class=\"wpb_wrapper\"><\/div><\/div><\/div><\/div><\/div><\/div><\/div><div class=\"vc_col-sm-4 wpb_column vc_column_container\"><div class=\"vc_column-inner\"><div class=\"wpb_wrapper\"><\/div><\/div><\/div><\/div><\/div><\/section><section class=\"l-section wpb_row height_small\"><div class=\"l-section-h i-cf\"><div class=\"g-cols vc_row via_flex valign_top type_default stacking_default\"><div class=\"vc_col-sm-12 wpb_column vc_column_container\"><div class=\"vc_column-inner\"><div class=\"wpb_wrapper\"><div class=\"wpb_text_column\"><div class=\"wpb_wrapper\"><h2 style=\"text-align: left;\">Sprecher*innen des Forschungsschwerpunkts<\/h2>\n<\/div><\/div><\/div><\/div><\/div><\/div><\/div><\/section><section class=\"l-section wpb_row height_small\"><div class=\"l-section-h i-cf\"><div class=\"g-cols vc_row via_flex valign_top type_default stacking_default\"><div class=\"vc_col-sm-4 wpb_column vc_column_container\"><div class=\"vc_column-inner\"><div class=\"wpb_wrapper\"><div class=\"w-image has_ratio align_none meta_simple\"><div class=\"w-image-h\"><div style=\"padding-bottom:56.25%\"><\/div><img decoding=\"async\" width=\"1024\" height=\"683\" src=\"https:\/\/northwest-alliance.de\/wp-content\/uploads\/2026\/04\/PA7_DSC09243_2026_03_10_Johanna-Myrzik_c_Leona-Hofmann_Universitaet-Bremen-1024x683.jpg\" class=\"attachment-large size-large\" alt=\"Johanna Myrzik\" loading=\"lazy\" \/><\/div><div class=\"w-image-meta\"><div class=\"w-image-title\">\u00a9 Leona Hofmann \/ Universit\u00e4t Bremen<\/div><\/div><\/div><\/div><\/div><\/div><div class=\"vc_col-sm-8 wpb_column vc_column_container\"><div class=\"vc_column-inner\"><div class=\"wpb_wrapper\"><div class=\"wpb_text_column\"><div class=\"wpb_wrapper\"><blockquote>\n<div id=\"meta-origin\" data-coolorigin=\"https%3A%2F%2Fnc-texteditor.zfn.uni-bremen.de%2Fcool%2Fclipboard%3FWOPISrc%3Dhttps%253A%252F%252Fnc.uni-bremen.de%252Findex.php%252Fapps%252Frichdocuments%252Fwopi%252Ffiles%252F154520805_ocgxszb3fhcm%26ServerId%3D1d3a5d2b%26ViewId%3D4%26Tag%3Df09544686e52efdf\">\n<p>Wir k\u00f6nnen Herausforderungen wie den Klimawandel, die Energiewende oder gesellschaftlichen Wandel nur gemeinsam l\u00f6sen. Ich freue mich, wenn es uns gelingt, in sieben Jahren gemeinsam mit Oldenburg \u201eWandel-Pfade\u201c sichtbar zu machen, die wir dann in einem gro\u00dfen transdiziplin\u00e4ren Projekt gemeinsam ausbauen.<\/p>\n<\/div>\n<p><strong>Prof. Dr. Johanna Myrzik, Universit\u00e4t Bremen<\/strong><\/p>\n<\/blockquote>\n<\/div><\/div><\/div><\/div><\/div><\/div><\/div><\/section><section class=\"l-section wpb_row height_small\"><div class=\"l-section-h i-cf\"><div class=\"g-cols vc_row via_flex valign_top type_default stacking_default\"><div class=\"vc_col-sm-8 wpb_column vc_column_container\"><div class=\"vc_column-inner\"><div class=\"wpb_wrapper\"><div class=\"wpb_text_column\"><div class=\"wpb_wrapper\"><blockquote>\n<div id=\"meta-origin\" data-coolorigin=\"https%3A%2F%2Fnc-texteditor.zfn.uni-bremen.de%2Fcool%2Fclipboard%3FWOPISrc%3Dhttps%253A%252F%252Fnc.uni-bremen.de%252Findex.php%252Fapps%252Frichdocuments%252Fwopi%252Ffiles%252F154520805_ocgxszb3fhcm%26ServerId%3D1d3a5d2b%26ViewId%3D4%26Tag%3Df09544686e52efdf\">\n<p class=\"western\">Uns verbindet ein gemeinsames Ziel: die gr\u00fcne Energiewende dort zu gestalten, wo sie in der Praxis funktionieren muss \u2013 mit massivem Ausbau der erneuerbaren Energien, intelligenten Netzen, einer dekarbonisierten Industrie und klimaneutralen Quartieren.<\/p>\n<\/div>\n<p><strong>Prof. Dr. Sebastian Lehnhoff, Universit\u00e4t Oldenburg<\/strong><\/p>\n<\/blockquote>\n<\/div><\/div><\/div><\/div><\/div><div class=\"vc_col-sm-4 wpb_column vc_column_container\"><div class=\"vc_column-inner\"><div class=\"wpb_wrapper\"><div class=\"w-image has_ratio align_none meta_simple\"><div class=\"w-image-h\"><div style=\"padding-bottom:56.25%\"><\/div><img decoding=\"async\" width=\"1024\" height=\"683\" src=\"https:\/\/northwest-alliance.de\/wp-content\/uploads\/2026\/04\/PA7_Lehnhoff_Sebastian_Foto-Bonnie-Bartusch-OFFIS-1-1024x683.jpg\" class=\"attachment-large size-large\" alt=\"Sebastian Lehnhoff\" loading=\"lazy\" \/><\/div><div class=\"w-image-meta\"><div class=\"w-image-title\">\u00a9 Bonnie Bartusch<\/div><\/div><\/div><\/div><\/div><\/div><\/div><\/div><\/section><section class=\"l-section wpb_row height_auto\"><div class=\"l-section-h i-cf\"><div class=\"g-cols vc_row via_flex valign_top type_default stacking_default\"><div class=\"vc_col-sm-12 wpb_column vc_column_container\"><div class=\"vc_column-inner\"><div class=\"wpb_wrapper\"><div class=\"w-separator size_medium\"><\/div><\/div><\/div><\/div><\/div><\/div><\/section>\n","protected":false},"excerpt":{"rendered":"NACHHALTIGE ENERGIETRANSITIONEN Energiewende gestalten Die Energiewende ist ein hochdynamischer Prozess, der technologische Innovation, gesellschaftliche Akzeptanz und wirtschaftliche Tragf\u00e4higkeit miteinander verbinden muss. Die Nordwestregion mit den Zentren Bremen und Oldenburg entwickelt sich zur f\u00fchrenden Energieregion Deutschlands, die einzigartige Bedingungen f\u00fcr Forschung und Transfer: Hier gibt es K\u00fcsten- und Hafeninfrastrukturen, gro\u00dfe Fl\u00e4chenressourcen sowie Potenziale f\u00fcr Windenergie und...","protected":false},"author":5,"featured_media":0,"parent":3716,"menu_order":7,"comment_status":"closed","ping_status":"closed","template":"","meta":{"footnotes":""},"class_list":["post-5451","page","type-page","status-publish","hentry"],"yoast_head":"<!-- This site is optimized with the Yoast SEO plugin v27.4 - https:\/\/yoast.com\/product\/yoast-seo-wordpress\/ -->\n<title>Green Energy Transition - Northwest Alliance<\/title>\n<meta name=\"description\" content=\"The transformation of the energy system is crucial for achieving a climate-neutral future. This research area seeks to integrate research on wind energy, hydrogen, and energy systems, and to provide a comprehensive understanding of the technical, economic, and social aspects of sustainable energy transitions.\" \/>\n<meta name=\"robots\" content=\"index, follow, max-snippet:-1, max-image-preview:large, max-video-preview:-1\" \/>\n<link rel=\"canonical\" href=\"https:\/\/northwest-alliance.de\/en\/startseite\/high-profile-areas\/green-energy-transition\/\" \/>\n<meta property=\"og:locale\" content=\"en_US\" \/>\n<meta property=\"og:type\" content=\"article\" \/>\n<meta property=\"og:title\" content=\"Green Energy Transition - Northwest Alliance\" \/>\n<meta property=\"og:description\" content=\"The transformation of the energy system is crucial for achieving a climate-neutral future. This research area seeks to integrate research on wind energy, hydrogen, and energy systems, and to provide a comprehensive understanding of the technical, economic, and social aspects of sustainable energy transitions.\" \/>\n<meta property=\"og:url\" content=\"https:\/\/northwest-alliance.de\/en\/startseite\/high-profile-areas\/green-energy-transition\/\" \/>\n<meta property=\"og:site_name\" content=\"Northwest Alliance\" \/>\n<meta property=\"article:modified_time\" content=\"2026-04-20T07:30:54+00:00\" \/>\n<meta name=\"twitter:card\" content=\"summary_large_image\" \/>\n<meta name=\"twitter:label1\" content=\"Est. reading time\" \/>\n\t<meta name=\"twitter:data1\" content=\"3 minutes\" \/>\n<script type=\"application\/ld+json\" class=\"yoast-schema-graph\">{\"@context\":\"https:\\\/\\\/schema.org\",\"@graph\":[{\"@type\":\"WebPage\",\"@id\":\"https:\\\/\\\/northwest-alliance.de\\\/en\\\/startseite\\\/high-profile-areas\\\/green-energy-transition\\\/\",\"url\":\"https:\\\/\\\/northwest-alliance.de\\\/en\\\/startseite\\\/high-profile-areas\\\/green-energy-transition\\\/\",\"name\":\"Green Energy Transition - Northwest Alliance\",\"isPartOf\":{\"@id\":\"https:\\\/\\\/northwest-alliance.de\\\/en\\\/#website\"},\"datePublished\":\"2026-04-20T07:12:10+00:00\",\"dateModified\":\"2026-04-20T07:30:54+00:00\",\"description\":\"The transformation of the energy system is crucial for achieving a climate-neutral future. This research area seeks to integrate research on wind energy, hydrogen, and energy systems, and to provide a comprehensive understanding of the technical, economic, and social aspects of sustainable energy transitions.\",\"breadcrumb\":{\"@id\":\"https:\\\/\\\/northwest-alliance.de\\\/en\\\/startseite\\\/high-profile-areas\\\/green-energy-transition\\\/#breadcrumb\"},\"inLanguage\":\"en-US\",\"potentialAction\":[{\"@type\":\"ReadAction\",\"target\":[\"https:\\\/\\\/northwest-alliance.de\\\/en\\\/startseite\\\/high-profile-areas\\\/green-energy-transition\\\/\"]}]},{\"@type\":\"BreadcrumbList\",\"@id\":\"https:\\\/\\\/northwest-alliance.de\\\/en\\\/startseite\\\/high-profile-areas\\\/green-energy-transition\\\/#breadcrumb\",\"itemListElement\":[{\"@type\":\"ListItem\",\"position\":1,\"name\":\"Startseite\",\"item\":\"https:\\\/\\\/northwest-alliance.de\\\/en\\\/startseite\\\/\"},{\"@type\":\"ListItem\",\"position\":2,\"name\":\"Northwest Alliance\",\"item\":\"https:\\\/\\\/northwest-alliance.de\\\/en\\\/startseite\\\/\"},{\"@type\":\"ListItem\",\"position\":3,\"name\":\"Focal Areas\",\"item\":\"https:\\\/\\\/northwest-alliance.de\\\/en\\\/startseite\\\/high-profile-areas\\\/\"},{\"@type\":\"ListItem\",\"position\":4,\"name\":\"Green Energy Transition\"}]},{\"@type\":\"WebSite\",\"@id\":\"https:\\\/\\\/northwest-alliance.de\\\/en\\\/#website\",\"url\":\"https:\\\/\\\/northwest-alliance.de\\\/en\\\/\",\"name\":\"Northwest Alliance\",\"description\":\"\",\"publisher\":{\"@id\":\"https:\\\/\\\/northwest-alliance.de\\\/en\\\/#organization\"},\"potentialAction\":[{\"@type\":\"SearchAction\",\"target\":{\"@type\":\"EntryPoint\",\"urlTemplate\":\"https:\\\/\\\/northwest-alliance.de\\\/en\\\/?s={search_term_string}\"},\"query-input\":{\"@type\":\"PropertyValueSpecification\",\"valueRequired\":true,\"valueName\":\"search_term_string\"}}],\"inLanguage\":\"en-US\"},{\"@type\":\"Organization\",\"@id\":\"https:\\\/\\\/northwest-alliance.de\\\/en\\\/#organization\",\"name\":\"Northwest Alliance (NWA)\",\"url\":\"https:\\\/\\\/northwest-alliance.de\\\/en\\\/\",\"logo\":{\"@type\":\"ImageObject\",\"inLanguage\":\"en-US\",\"@id\":\"https:\\\/\\\/northwest-alliance.de\\\/en\\\/#\\\/schema\\\/logo\\\/image\\\/\",\"url\":\"https:\\\/\\\/northwest-alliance.de\\\/wp-content\\\/uploads\\\/2025\\\/01\\\/nwa-thumbnail.jpg\",\"contentUrl\":\"https:\\\/\\\/northwest-alliance.de\\\/wp-content\\\/uploads\\\/2025\\\/01\\\/nwa-thumbnail.jpg\",\"width\":1555,\"height\":995,\"caption\":\"Northwest Alliance (NWA)\"},\"image\":{\"@id\":\"https:\\\/\\\/northwest-alliance.de\\\/en\\\/#\\\/schema\\\/logo\\\/image\\\/\"},\"sameAs\":[\"https:\\\/\\\/www.linkedin.com\\\/company\\\/northwest-alliance\"]}]}<\/script>\n<!-- \/ Yoast SEO plugin. -->","yoast_head_json":{"title":"Green Energy Transition - Northwest Alliance","description":"The transformation of the energy system is crucial for achieving a climate-neutral future. This research area seeks to integrate research on wind energy, hydrogen, and energy systems, and to provide a comprehensive understanding of the technical, economic, and social aspects of sustainable energy transitions.","robots":{"index":"index","follow":"follow","max-snippet":"max-snippet:-1","max-image-preview":"max-image-preview:large","max-video-preview":"max-video-preview:-1"},"canonical":"https:\/\/northwest-alliance.de\/en\/startseite\/high-profile-areas\/green-energy-transition\/","og_locale":"en_US","og_type":"article","og_title":"Green Energy Transition - Northwest Alliance","og_description":"The transformation of the energy system is crucial for achieving a climate-neutral future. This research area seeks to integrate research on wind energy, hydrogen, and energy systems, and to provide a comprehensive understanding of the technical, economic, and social aspects of sustainable energy transitions.","og_url":"https:\/\/northwest-alliance.de\/en\/startseite\/high-profile-areas\/green-energy-transition\/","og_site_name":"Northwest Alliance","article_modified_time":"2026-04-20T07:30:54+00:00","twitter_card":"summary_large_image","twitter_misc":{"Est. reading time":"3 minutes"},"schema":{"@context":"https:\/\/schema.org","@graph":[{"@type":"WebPage","@id":"https:\/\/northwest-alliance.de\/en\/startseite\/high-profile-areas\/green-energy-transition\/","url":"https:\/\/northwest-alliance.de\/en\/startseite\/high-profile-areas\/green-energy-transition\/","name":"Green Energy Transition - Northwest Alliance","isPartOf":{"@id":"https:\/\/northwest-alliance.de\/en\/#website"},"datePublished":"2026-04-20T07:12:10+00:00","dateModified":"2026-04-20T07:30:54+00:00","description":"The transformation of the energy system is crucial for achieving a climate-neutral future. This research area seeks to integrate research on wind energy, hydrogen, and energy systems, and to provide a comprehensive understanding of the technical, economic, and social aspects of sustainable energy transitions.","breadcrumb":{"@id":"https:\/\/northwest-alliance.de\/en\/startseite\/high-profile-areas\/green-energy-transition\/#breadcrumb"},"inLanguage":"en-US","potentialAction":[{"@type":"ReadAction","target":["https:\/\/northwest-alliance.de\/en\/startseite\/high-profile-areas\/green-energy-transition\/"]}]},{"@type":"BreadcrumbList","@id":"https:\/\/northwest-alliance.de\/en\/startseite\/high-profile-areas\/green-energy-transition\/#breadcrumb","itemListElement":[{"@type":"ListItem","position":1,"name":"Startseite","item":"https:\/\/northwest-alliance.de\/en\/startseite\/"},{"@type":"ListItem","position":2,"name":"Northwest Alliance","item":"https:\/\/northwest-alliance.de\/en\/startseite\/"},{"@type":"ListItem","position":3,"name":"Focal Areas","item":"https:\/\/northwest-alliance.de\/en\/startseite\/high-profile-areas\/"},{"@type":"ListItem","position":4,"name":"Green Energy Transition"}]},{"@type":"WebSite","@id":"https:\/\/northwest-alliance.de\/en\/#website","url":"https:\/\/northwest-alliance.de\/en\/","name":"Northwest Alliance","description":"","publisher":{"@id":"https:\/\/northwest-alliance.de\/en\/#organization"},"potentialAction":[{"@type":"SearchAction","target":{"@type":"EntryPoint","urlTemplate":"https:\/\/northwest-alliance.de\/en\/?s={search_term_string}"},"query-input":{"@type":"PropertyValueSpecification","valueRequired":true,"valueName":"search_term_string"}}],"inLanguage":"en-US"},{"@type":"Organization","@id":"https:\/\/northwest-alliance.de\/en\/#organization","name":"Northwest Alliance (NWA)","url":"https:\/\/northwest-alliance.de\/en\/","logo":{"@type":"ImageObject","inLanguage":"en-US","@id":"https:\/\/northwest-alliance.de\/en\/#\/schema\/logo\/image\/","url":"https:\/\/northwest-alliance.de\/wp-content\/uploads\/2025\/01\/nwa-thumbnail.jpg","contentUrl":"https:\/\/northwest-alliance.de\/wp-content\/uploads\/2025\/01\/nwa-thumbnail.jpg","width":1555,"height":995,"caption":"Northwest Alliance (NWA)"},"image":{"@id":"https:\/\/northwest-alliance.de\/en\/#\/schema\/logo\/image\/"},"sameAs":["https:\/\/www.linkedin.com\/company\/northwest-alliance"]}]}},"_links":{"self":[{"href":"https:\/\/northwest-alliance.de\/en\/wp-json\/wp\/v2\/pages\/5451","targetHints":{"allow":["GET"]}}],"collection":[{"href":"https:\/\/northwest-alliance.de\/en\/wp-json\/wp\/v2\/pages"}],"about":[{"href":"https:\/\/northwest-alliance.de\/en\/wp-json\/wp\/v2\/types\/page"}],"author":[{"embeddable":true,"href":"https:\/\/northwest-alliance.de\/en\/wp-json\/wp\/v2\/users\/5"}],"replies":[{"embeddable":true,"href":"https:\/\/northwest-alliance.de\/en\/wp-json\/wp\/v2\/comments?post=5451"}],"version-history":[{"count":30,"href":"https:\/\/northwest-alliance.de\/en\/wp-json\/wp\/v2\/pages\/5451\/revisions"}],"predecessor-version":[{"id":5682,"href":"https:\/\/northwest-alliance.de\/en\/wp-json\/wp\/v2\/pages\/5451\/revisions\/5682"}],"up":[{"embeddable":true,"href":"https:\/\/northwest-alliance.de\/en\/wp-json\/wp\/v2\/pages\/3716"}],"wp:attachment":[{"href":"https:\/\/northwest-alliance.de\/en\/wp-json\/wp\/v2\/media?parent=5451"}],"curies":[{"name":"wp","href":"https:\/\/api.w.org\/{rel}","templated":true}]}}