{"id":5433,"date":"2026-04-20T09:19:10","date_gmt":"2026-04-20T07:19:10","guid":{"rendered":"https:\/\/northwest-alliance.de\/?page_id=5433"},"modified":"2026-04-20T09:30:19","modified_gmt":"2026-04-20T07:30:19","slug":"global-social-policy","status":"publish","type":"page","link":"https:\/\/northwest-alliance.de\/en\/startseite\/high-profile-areas\/global-social-policy\/","title":{"rendered":"Global Social Policy"},"content":{"rendered":"<section class=\"l-section wpb_row height_small\"><div class=\"l-section-h i-cf\"><div class=\"g-cols vc_row via_flex valign_top type_default stacking_default\"><div class=\"vc_col-sm-12 wpb_column vc_column_container\"><div class=\"vc_column-inner\"><div class=\"wpb_wrapper\"><div class=\"w-image align_left\"><div class=\"w-image-h\"><img decoding=\"async\" width=\"1920\" height=\"600\" src=\"https:\/\/northwest-alliance.de\/wp-content\/uploads\/2026\/04\/Slider_Globale-Sozialpolitik_lang1.jpg\" class=\"attachment-full size-full\" alt=\"Frau mit schwarzem Pulli pinnt Punkte auf einer Weltkarte an.\" loading=\"lazy\" srcset=\"https:\/\/northwest-alliance.de\/wp-content\/uploads\/2026\/04\/Slider_Globale-Sozialpolitik_lang1.jpg 1920w, https:\/\/northwest-alliance.de\/wp-content\/uploads\/2026\/04\/Slider_Globale-Sozialpolitik_lang1-300x94.jpg 300w, https:\/\/northwest-alliance.de\/wp-content\/uploads\/2026\/04\/Slider_Globale-Sozialpolitik_lang1-1024x320.jpg 1024w\" sizes=\"auto, (max-width: 1920px) 100vw, 1920px\" \/><\/div><\/div><div class=\"w-separator size_medium\"><\/div><div class=\"wpb_text_column\"><div class=\"wpb_wrapper\"><h1><span style=\"color: #264f7b;\">GLOBALE SOZIALPOLTIK<\/span><\/h1>\n<\/div><\/div><\/div><\/div><\/div><\/div><\/div><\/section><section class=\"l-section wpb_row us_custom_1b5c7b67 height_small\"><div class=\"l-section-h i-cf\"><div class=\"g-cols vc_row via_flex valign_top type_default stacking_default\"><div class=\"vc_col-sm-3 wpb_column vc_column_container\"><div class=\"vc_column-inner\"><div class=\"wpb_wrapper\"><div class=\"wpb_text_column\"><div class=\"wpb_wrapper\"><h2><span style=\"color: #264f7b;\">Gesellschaftlichen Zusammenhalt erforschen<\/span><\/h2>\n<\/div><\/div><\/div><\/div><\/div><div class=\"vc_col-sm-9 wpb_column vc_column_container\"><div class=\"vc_column-inner\"><div class=\"wpb_wrapper\"><div class=\"wpb_text_column\"><div class=\"wpb_wrapper\"><div id=\"meta-origin\" data-coolorigin=\"https%3A%2F%2Fnc-texteditor.zfn.uni-bremen.de%2Fcool%2Fclipboard%3FWOPISrc%3Dhttps%253A%252F%252Fnc.uni-bremen.de%252Findex.php%252Fapps%252Frichdocuments%252Fwopi%252Ffiles%252F154520809_ocgxszb3fhcm%26ServerId%3D1d3a5d2b%26ViewId%3D4%26Tag%3D4965ba04885bb636\">\n<h3>Gesellschaftliche Umbr\u00fcche wie Digitalisierung, demografischer Wandel, die sozial-\u00f6kologische Transformation sowie globale Krisen und geopolitische Spannungen stellen Gesellschaften vor neue Herausforderungen. Forschende der Universit\u00e4t Bremen und der Carl von Ossietzky Universit\u00e4t Oldenburg untersuchen gemeinsam, wie sich angesichts dieser Transformationen soziale Ungleichheiten \u00fcber den Lebensverlauf entwickeln und welche Folgen damit f\u00fcr den gesellschaftlichen Zusammenhalt verbunden sind.<\/h3>\n<\/div>\n<\/div><\/div><div class=\"w-separator size_small with_line width_default thick_1 style_solid color_border align_center\"><div class=\"w-separator-h\"><\/div><\/div><\/div><\/div><\/div><\/div><\/div><\/section><section class=\"l-section wpb_row height_small\"><div class=\"l-section-h i-cf\"><div class=\"g-cols vc_row via_flex valign_top type_default stacking_default\"><div class=\"vc_col-sm-3 wpb_column vc_column_container\"><div class=\"vc_column-inner\"><div class=\"wpb_wrapper\"><div class=\"wpb_text_column us_custom_6587bdcb\"><div class=\"wpb_wrapper\"><h3 style=\"text-align: left;\">Disziplinen<\/h3>\n<div id=\"meta-origin\" data-coolorigin=\"https%3A%2F%2Fnc-texteditor.zfn.uni-bremen.de%2Fcool%2Fclipboard%3FWOPISrc%3Dhttps%253A%252F%252Fnc.uni-bremen.de%252Findex.php%252Fapps%252Frichdocuments%252Fwopi%252Ffiles%252F154520809_ocgxszb3fhcm%26ServerId%3D1d3a5d2b%26ViewId%3D4%26Tag%3D4965ba04885bb636\">\n<p>Politikwissenschaft<br \/>\nSoziologie<br \/>\nGeschichte<br \/>\nGeographie<br \/>\nGesundheitswissenschaft<br \/>\nInformatik<br \/>\nKulturwissenschaften<br \/>\nMedienwissenschaft<br \/>\nWirtschaftswissenschaften<\/p>\n<\/div>\n<\/div><\/div><\/div><\/div><\/div><div class=\"vc_col-sm-9 wpb_column vc_column_container\"><div class=\"vc_column-inner\"><div class=\"wpb_wrapper\"><div class=\"wpb_text_column\"><div class=\"wpb_wrapper\"><div id=\"meta-origin\" data-coolorigin=\"https%3A%2F%2Fnc-texteditor.zfn.uni-bremen.de%2Fcool%2Fclipboard%3FWOPISrc%3Dhttps%253A%252F%252Fnc.uni-bremen.de%252Findex.php%252Fapps%252Frichdocuments%252Fwopi%252Ffiles%252F154520809_ocgxszb3fhcm%26ServerId%3D1d3a5d2b%26ViewId%3D4%26Tag%3D4965ba04885bb636\">\n<p>Im Mittelpunkt stehen Dynamiken sozialer Ungleichheit sowie die Rolle von Sozialpolitik f\u00fcr die soziale und politische Integration von Gesellschaften im Kontext globaler Verflechtungen und Krisen. Dabei verbinden sich theoriegeleitete Ans\u00e4tze mit empirischen Analysen und internationalen Vergleichen, auch jenseits des OECD-Rahmens.<\/p>\n<p>Wichtige Einrichtungen sind das <a href=\"https:\/\/www.socium.uni-bremen.de\/\" target=\"_blank\" rel=\"noopener\">SOCIUM \u2013 Forschungszentrum Ungleichheit und Sozialpolitik<\/a> und das <a href=\"https:\/\/www.uni-bremen.de\/fb8-1\/institut-fuer-interkulturelle-und-internationale-studien\" target=\"_blank\" rel=\"noopener\">Institut f\u00fcr Interkulturelle und Internationale Studien (InIIS)<\/a>. Forschungsverb\u00fcnde wie der <a href=\"https:\/\/www.socialpolicydynamics.de\/\" target=\"_blank\" rel=\"noopener\">Sonderforschungsbereich Globale Entwicklungsdynamiken von Sozialpolitik (SFB 1342)<\/a>, das <a href=\"https:\/\/fgz-risc.de\/index\/\" target=\"_blank\" rel=\"noopener\">Forschungsinstitut Gesellschaftlicher Zusammenhalt<\/a>, das Graduiertenkolleg Social Dynamics of the Self und das <a href=\"https:\/\/difis.org\/\" target=\"_blank\" rel=\"noopener\">Deutsche Institut f\u00fcr Interdisziplin\u00e4re Sozialpolitikforschung<\/a> b\u00fcndeln Expertise und Forschungskapazit\u00e4ten. Forschungsdateninfrastrukturen wie das Forschungsdatenzentrum <a href=\"https:\/\/www.qualiservice.org\/de\/\" target=\"_blank\" rel=\"noopener\">Qualiservice<\/a> und das <a href=\"https:\/\/wesis.org\/\" target=\"_blank\" rel=\"noopener\">Welfare State Information System<\/a> sichern evidenzbasierte Analysen.<\/p>\n<p>In den kommenden Jahren streben die Universit\u00e4ten an, die Northwest Alliance als internationales Zentrum f\u00fcr globale Sozialpolitik, soziale Koh\u00e4sion und Staatlichkeit zu st\u00e4rken. Dazu werden herausragende internationale Forschende eingeladen, die Kooperation mit der Rijksuniversiteit Groningen (RUG) vertieft und die Sichtbarkeit weltweit erh\u00f6ht.<\/p>\n<p>Aufbauend auf Erfahrungen mit strukturierten Doktorandenprogrammen (BIGSSS, 3GO) wird ein gemeinsames PhD-Programm f\u00fcr Bremen, Oldenburg und Groningen etabliert. Es verbindet Nachwuchswissenschaftler*innen mit f\u00fchrenden Forschenden, bietet ein einzigartiges Trainingsumfeld f\u00fcr die empirische Analyse sozialer Koh\u00e4sion und integriert quantitative und qualitative Methoden.<\/p>\n<p>Methodisch und thematisch erg\u00e4nzen sich die Standorte: Computational Social Science und Netzwerkforschung in Bremen und Oldenburg, erg\u00e4nzt durch analytische Soziologie, Politikwissenschaft und Social Network Analysis an der RUG. Gemeinsame Forschungseinrichtungen, Graduate Schools und Austauschprogramme sichern langfristige Kooperation und die internationale Sichtbarkeit des Forschungsschwerpunkts.<\/p>\n<\/div>\n<\/div><\/div><\/div><\/div><\/div><\/div><\/div><\/section><section class=\"l-section wpb_row us_custom_ccf248bf height_small with_img\"><div class=\"l-section-img\" role=\"img\" aria-label=\"Image\" data-img-width=\"\" data-img-height=\"\" style=\"background-image: url(https:\/\/northwest-alliance.de\/wp-content\/uploads\/2026\/02\/EXU_Kompass_315Grad_weiss.svg);background-position: center right;background-repeat: no-repeat;background-size: contain;\"><\/div><div class=\"l-section-h i-cf\"><div class=\"g-cols vc_row via_flex valign_top type_default stacking_default\"><div class=\"vc_col-sm-8 wpb_column vc_column_container\"><div class=\"vc_column-inner\"><div class=\"wpb_wrapper\"><div class=\"wpb_text_column\"><div class=\"wpb_wrapper\"><h2 style=\"text-align: left;\">Zentrale Forschungsinitiativen<\/h2>\n<\/div><\/div><div class=\"w-separator size_small\"><\/div><div class=\"g-cols wpb_row via_flex valign_top type_default stacking_default\"><div class=\"vc_col-sm-6 wpb_column vc_column_container\"><div class=\"vc_column-inner\"><div class=\"wpb_wrapper\"><div class=\"wpb_text_column\"><div class=\"wpb_wrapper\"><ul>\n<li><a href=\"https:\/\/www.bigsss-bremen.de\/\" target=\"_blank\" rel=\"noopener\">BIGSSS Graduiertenschule<\/a><\/li>\n<li><a href=\"https:\/\/www.socialpolicydynamics.de\/\" target=\"_blank\" rel=\"noopener\">Sonderforschungsbereich \u201eGlobale Entwicklungspfade von Sozialpolitik\u201c (SFB 1342)<\/a><\/li>\n<li><a href=\"https:\/\/fgz-risc.de\/index\/\" target=\"_blank\" rel=\"noopener\">Forschungsinstitut Gesellschaftlicher Zusammenhalt<\/a><\/li>\n<\/ul>\n<\/div><\/div><\/div><\/div><\/div><div class=\"vc_col-sm-6 wpb_column vc_column_container\"><div class=\"vc_column-inner\"><div class=\"wpb_wrapper\"><div class=\"wpb_text_column\"><div class=\"wpb_wrapper\"><ul>\n<li><a href=\"https:\/\/www.difis.org\/\" target=\"_blank\" rel=\"noopener\">Deutsches Institut f\u00fcr Interdisziplin\u00e4re Sozialpolitikforschung (DIFIS)<\/a><\/li>\n<li><a href=\"https:\/\/www.qualiservice.org\/de\/\" target=\"_blank\" rel=\"noopener\">Forschungsdatenzentrum Qualiservice<\/a><\/li>\n<\/ul>\n<\/div><\/div><\/div><\/div><\/div><\/div><\/div><\/div><\/div><div class=\"vc_col-sm-4 wpb_column vc_column_container\"><div class=\"vc_column-inner\"><div class=\"wpb_wrapper\"><\/div><\/div><\/div><\/div><\/div><\/section><section class=\"l-section wpb_row height_small with_img\"><div class=\"l-section-img\" role=\"img\" aria-label=\"Image\" data-img-width=\"\" data-img-height=\"\" style=\"background-image: url(https:\/\/northwest-alliance.de\/wp-content\/uploads\/2026\/02\/EXU_Kompass_315Grad_weiss.svg);background-position: center right;background-repeat: no-repeat;background-size: contain;\"><\/div><div class=\"l-section-h i-cf\"><div class=\"g-cols vc_row via_flex valign_top type_default stacking_default\"><div class=\"vc_col-sm-8 wpb_column vc_column_container\"><div class=\"vc_column-inner\"><div class=\"wpb_wrapper\"><div class=\"wpb_text_column\"><div class=\"wpb_wrapper\"><h2 style=\"text-align: left;\">Sprecher*innen des Forschungsschwerpunkts<\/h2>\n<\/div><\/div><\/div><\/div><\/div><div class=\"vc_col-sm-4 wpb_column vc_column_container\"><div class=\"vc_column-inner\"><div class=\"wpb_wrapper\"><\/div><\/div><\/div><\/div><\/div><\/section><section class=\"l-section wpb_row height_small\"><div class=\"l-section-h i-cf\"><div class=\"g-cols vc_row via_flex valign_top type_default stacking_default\"><div class=\"vc_col-sm-4 wpb_column vc_column_container\"><div class=\"vc_column-inner\"><div class=\"wpb_wrapper\"><div class=\"w-image has_ratio align_none meta_simple\"><div class=\"w-image-h\"><div style=\"padding-bottom:56.25%\"><\/div><img decoding=\"async\" width=\"1024\" height=\"683\" src=\"https:\/\/northwest-alliance.de\/wp-content\/uploads\/2026\/04\/FA6_Zoch_Gundula_Foto-von-privat-1024x683.jpg\" class=\"attachment-large size-large\" alt=\"Gundula Zoch\" loading=\"lazy\" \/><\/div><div class=\"w-image-meta\"><div class=\"w-image-title\">\u00a9 Privat<\/div><\/div><\/div><div class=\"w-separator size_small\"><\/div><div class=\"wpb_text_column\"><div class=\"wpb_wrapper\"><h4>Prof. Dr. Gundula Zoch, Universit\u00e4t Oldenburg<\/h4>\n<\/div><\/div><\/div><\/div><\/div><div class=\"vc_col-sm-4 wpb_column vc_column_container\"><div class=\"vc_column-inner\"><div class=\"wpb_wrapper\"><div class=\"w-image has_ratio align_none meta_simple\"><div class=\"w-image-h\"><div style=\"padding-bottom:56.25%\"><\/div><img decoding=\"async\" width=\"1024\" height=\"768\" src=\"https:\/\/northwest-alliance.de\/wp-content\/uploads\/2026\/04\/20230713_UniBremen_Pollmeier_1180-1024x768.jpg\" class=\"attachment-large size-large\" alt=\"Patrick Sachweh\" loading=\"lazy\" \/><\/div><div class=\"w-image-meta\"><div class=\"w-image-title\">\u00a9 Patrick Pollmeier\/Universit\u00e4t Bremen<\/div><\/div><\/div><div class=\"w-separator size_small\"><\/div><div class=\"wpb_text_column\"><div class=\"wpb_wrapper\"><h4>Prof. Dr. Patrick Sachweh, Universit\u00e4t Bremen<\/h4>\n<\/div><\/div><\/div><\/div><\/div><div class=\"vc_col-sm-4 wpb_column vc_column_container\"><div class=\"vc_column-inner\"><div class=\"wpb_wrapper\"><div class=\"w-image has_ratio align_none meta_simple\"><div class=\"w-image-h\"><div style=\"padding-bottom:56.25%\"><\/div><img decoding=\"async\" width=\"1024\" height=\"683\" src=\"https:\/\/northwest-alliance.de\/wp-content\/uploads\/2026\/04\/FA6_Tepe_Markus_copyright-Lukas-Klose_2023-1024x683.jpg\" class=\"attachment-large size-large\" alt=\"Markus Tepe\" loading=\"lazy\" \/><\/div><div class=\"w-image-meta\"><div class=\"w-image-title\">\u00a9 Lukas Klose\/Universit\u00e4t Bremen<\/div><\/div><\/div><div class=\"w-separator size_small\"><\/div><div class=\"wpb_text_column\"><div class=\"wpb_wrapper\"><h4>Prof. Dr. Markus Tepe, Universit\u00e4t Bremen<\/h4>\n<\/div><\/div><\/div><\/div><\/div><\/div><\/div><\/section><section class=\"l-section wpb_row height_small\"><div class=\"l-section-h i-cf\"><div class=\"g-cols vc_row via_flex valign_top type_default stacking_default\"><div class=\"vc_col-sm-4 wpb_column vc_column_container\"><div class=\"vc_column-inner\"><div class=\"wpb_wrapper\"><\/div><\/div><\/div><div class=\"vc_col-sm-8 wpb_column vc_column_container\"><div class=\"vc_column-inner\"><div class=\"wpb_wrapper\"><div class=\"wpb_text_column\"><div class=\"wpb_wrapper\"><blockquote>\n<div id=\"meta-origin\" data-coolorigin=\"https%3A%2F%2Fnc-texteditor.zfn.uni-bremen.de%2Fcool%2Fclipboard%3FWOPISrc%3Dhttps%253A%252F%252Fnc.uni-bremen.de%252Findex.php%252Fapps%252Frichdocuments%252Fwopi%252Ffiles%252F154520809_ocgxszb3fhcm%26ServerId%3D1d3a5d2b%26ViewId%3D4%26Tag%3Dbba39c0887a362ef\">\n<p>Mit der Northwest Alliance intensivieren die Sozialwissenschaften in Bremen, Oldenburg und Groningen ihre Zusammenarbeit und b\u00fcndeln\u00a0ihre Expertisen, um einen international sichtbaren und methodisch innovativen Schwerpunkt zur Erforschung der Umbr\u00fcche, vor denen unsere Gesellschaften stehen, zu schaffen.<\/p>\n<\/div>\n<p><strong>Professor Patrick Sachweh<\/strong><\/p>\n<\/blockquote>\n<\/div><\/div><\/div><\/div><\/div><\/div><\/div><\/section><section class=\"l-section wpb_row height_auto\"><div class=\"l-section-h i-cf\"><div class=\"g-cols vc_row via_flex valign_top type_default stacking_default\"><div class=\"vc_col-sm-12 wpb_column vc_column_container\"><div class=\"vc_column-inner\"><div class=\"wpb_wrapper\"><div class=\"w-separator size_medium\"><\/div><\/div><\/div><\/div><\/div><\/div><\/section>\n","protected":false},"excerpt":{"rendered":"GLOBALE SOZIALPOLTIK Gesellschaftlichen Zusammenhalt erforschen Gesellschaftliche Umbr\u00fcche wie Digitalisierung, demografischer Wandel, die sozial-\u00f6kologische Transformation sowie globale Krisen und geopolitische Spannungen stellen Gesellschaften vor neue Herausforderungen. Forschende der Universit\u00e4t Bremen und der Carl von Ossietzky Universit\u00e4t Oldenburg untersuchen gemeinsam, wie sich angesichts dieser Transformationen soziale Ungleichheiten \u00fcber den Lebensverlauf entwickeln und welche Folgen damit f\u00fcr den...","protected":false},"author":5,"featured_media":0,"parent":3716,"menu_order":6,"comment_status":"closed","ping_status":"closed","template":"","meta":{"footnotes":""},"class_list":["post-5433","page","type-page","status-publish","hentry"],"yoast_head":"<!-- This site is optimized with the Yoast SEO plugin v27.4 - https:\/\/yoast.com\/product\/yoast-seo-wordpress\/ -->\n<title>Global Social Policy - Northwest Alliance<\/title>\n<meta name=\"description\" content=\"Social upheavals present societies with new challenges. Researchers from the University of Bremen and Oldenburg are collaborating to investigate how social inequalities develop in the face of these transformations and what consequences are associated with them.\" \/>\n<meta name=\"robots\" content=\"index, follow, max-snippet:-1, max-image-preview:large, max-video-preview:-1\" \/>\n<link rel=\"canonical\" href=\"https:\/\/northwest-alliance.de\/en\/startseite\/high-profile-areas\/global-social-policy\/\" \/>\n<meta property=\"og:locale\" content=\"en_US\" \/>\n<meta property=\"og:type\" content=\"article\" \/>\n<meta property=\"og:title\" content=\"Global Social Policy - Northwest Alliance\" \/>\n<meta property=\"og:description\" content=\"Social upheavals present societies with new challenges. Researchers from the University of Bremen and Oldenburg are collaborating to investigate how social inequalities develop in the face of these transformations and what consequences are associated with them.\" \/>\n<meta property=\"og:url\" content=\"https:\/\/northwest-alliance.de\/en\/startseite\/high-profile-areas\/global-social-policy\/\" \/>\n<meta property=\"og:site_name\" content=\"Northwest Alliance\" \/>\n<meta property=\"article:modified_time\" content=\"2026-04-20T07:30:19+00:00\" \/>\n<meta name=\"twitter:card\" content=\"summary_large_image\" \/>\n<meta name=\"twitter:label1\" content=\"Est. reading time\" \/>\n\t<meta name=\"twitter:data1\" content=\"4 minutes\" \/>\n<script type=\"application\/ld+json\" class=\"yoast-schema-graph\">{\"@context\":\"https:\\\/\\\/schema.org\",\"@graph\":[{\"@type\":\"WebPage\",\"@id\":\"https:\\\/\\\/northwest-alliance.de\\\/en\\\/startseite\\\/high-profile-areas\\\/global-social-policy\\\/\",\"url\":\"https:\\\/\\\/northwest-alliance.de\\\/en\\\/startseite\\\/high-profile-areas\\\/global-social-policy\\\/\",\"name\":\"Global Social Policy - Northwest Alliance\",\"isPartOf\":{\"@id\":\"https:\\\/\\\/northwest-alliance.de\\\/en\\\/#website\"},\"datePublished\":\"2026-04-20T07:19:10+00:00\",\"dateModified\":\"2026-04-20T07:30:19+00:00\",\"description\":\"Social upheavals present societies with new challenges. Researchers from the University of Bremen and Oldenburg are collaborating to investigate how social inequalities develop in the face of these transformations and what consequences are associated with them.\",\"breadcrumb\":{\"@id\":\"https:\\\/\\\/northwest-alliance.de\\\/en\\\/startseite\\\/high-profile-areas\\\/global-social-policy\\\/#breadcrumb\"},\"inLanguage\":\"en-US\",\"potentialAction\":[{\"@type\":\"ReadAction\",\"target\":[\"https:\\\/\\\/northwest-alliance.de\\\/en\\\/startseite\\\/high-profile-areas\\\/global-social-policy\\\/\"]}]},{\"@type\":\"BreadcrumbList\",\"@id\":\"https:\\\/\\\/northwest-alliance.de\\\/en\\\/startseite\\\/high-profile-areas\\\/global-social-policy\\\/#breadcrumb\",\"itemListElement\":[{\"@type\":\"ListItem\",\"position\":1,\"name\":\"Startseite\",\"item\":\"https:\\\/\\\/northwest-alliance.de\\\/en\\\/startseite\\\/\"},{\"@type\":\"ListItem\",\"position\":2,\"name\":\"Northwest Alliance\",\"item\":\"https:\\\/\\\/northwest-alliance.de\\\/en\\\/startseite\\\/\"},{\"@type\":\"ListItem\",\"position\":3,\"name\":\"Focal Areas\",\"item\":\"https:\\\/\\\/northwest-alliance.de\\\/en\\\/startseite\\\/high-profile-areas\\\/\"},{\"@type\":\"ListItem\",\"position\":4,\"name\":\"Global Social Policy\"}]},{\"@type\":\"WebSite\",\"@id\":\"https:\\\/\\\/northwest-alliance.de\\\/en\\\/#website\",\"url\":\"https:\\\/\\\/northwest-alliance.de\\\/en\\\/\",\"name\":\"Northwest Alliance\",\"description\":\"\",\"publisher\":{\"@id\":\"https:\\\/\\\/northwest-alliance.de\\\/en\\\/#organization\"},\"potentialAction\":[{\"@type\":\"SearchAction\",\"target\":{\"@type\":\"EntryPoint\",\"urlTemplate\":\"https:\\\/\\\/northwest-alliance.de\\\/en\\\/?s={search_term_string}\"},\"query-input\":{\"@type\":\"PropertyValueSpecification\",\"valueRequired\":true,\"valueName\":\"search_term_string\"}}],\"inLanguage\":\"en-US\"},{\"@type\":\"Organization\",\"@id\":\"https:\\\/\\\/northwest-alliance.de\\\/en\\\/#organization\",\"name\":\"Northwest Alliance (NWA)\",\"url\":\"https:\\\/\\\/northwest-alliance.de\\\/en\\\/\",\"logo\":{\"@type\":\"ImageObject\",\"inLanguage\":\"en-US\",\"@id\":\"https:\\\/\\\/northwest-alliance.de\\\/en\\\/#\\\/schema\\\/logo\\\/image\\\/\",\"url\":\"https:\\\/\\\/northwest-alliance.de\\\/wp-content\\\/uploads\\\/2025\\\/01\\\/nwa-thumbnail.jpg\",\"contentUrl\":\"https:\\\/\\\/northwest-alliance.de\\\/wp-content\\\/uploads\\\/2025\\\/01\\\/nwa-thumbnail.jpg\",\"width\":1555,\"height\":995,\"caption\":\"Northwest Alliance (NWA)\"},\"image\":{\"@id\":\"https:\\\/\\\/northwest-alliance.de\\\/en\\\/#\\\/schema\\\/logo\\\/image\\\/\"},\"sameAs\":[\"https:\\\/\\\/www.linkedin.com\\\/company\\\/northwest-alliance\"]}]}<\/script>\n<!-- \/ Yoast SEO plugin. -->","yoast_head_json":{"title":"Global Social Policy - Northwest Alliance","description":"Social upheavals present societies with new challenges. Researchers from the University of Bremen and Oldenburg are collaborating to investigate how social inequalities develop in the face of these transformations and what consequences are associated with them.","robots":{"index":"index","follow":"follow","max-snippet":"max-snippet:-1","max-image-preview":"max-image-preview:large","max-video-preview":"max-video-preview:-1"},"canonical":"https:\/\/northwest-alliance.de\/en\/startseite\/high-profile-areas\/global-social-policy\/","og_locale":"en_US","og_type":"article","og_title":"Global Social Policy - Northwest Alliance","og_description":"Social upheavals present societies with new challenges. Researchers from the University of Bremen and Oldenburg are collaborating to investigate how social inequalities develop in the face of these transformations and what consequences are associated with them.","og_url":"https:\/\/northwest-alliance.de\/en\/startseite\/high-profile-areas\/global-social-policy\/","og_site_name":"Northwest Alliance","article_modified_time":"2026-04-20T07:30:19+00:00","twitter_card":"summary_large_image","twitter_misc":{"Est. reading time":"4 minutes"},"schema":{"@context":"https:\/\/schema.org","@graph":[{"@type":"WebPage","@id":"https:\/\/northwest-alliance.de\/en\/startseite\/high-profile-areas\/global-social-policy\/","url":"https:\/\/northwest-alliance.de\/en\/startseite\/high-profile-areas\/global-social-policy\/","name":"Global Social Policy - Northwest Alliance","isPartOf":{"@id":"https:\/\/northwest-alliance.de\/en\/#website"},"datePublished":"2026-04-20T07:19:10+00:00","dateModified":"2026-04-20T07:30:19+00:00","description":"Social upheavals present societies with new challenges. Researchers from the University of Bremen and Oldenburg are collaborating to investigate how social inequalities develop in the face of these transformations and what consequences are associated with them.","breadcrumb":{"@id":"https:\/\/northwest-alliance.de\/en\/startseite\/high-profile-areas\/global-social-policy\/#breadcrumb"},"inLanguage":"en-US","potentialAction":[{"@type":"ReadAction","target":["https:\/\/northwest-alliance.de\/en\/startseite\/high-profile-areas\/global-social-policy\/"]}]},{"@type":"BreadcrumbList","@id":"https:\/\/northwest-alliance.de\/en\/startseite\/high-profile-areas\/global-social-policy\/#breadcrumb","itemListElement":[{"@type":"ListItem","position":1,"name":"Startseite","item":"https:\/\/northwest-alliance.de\/en\/startseite\/"},{"@type":"ListItem","position":2,"name":"Northwest Alliance","item":"https:\/\/northwest-alliance.de\/en\/startseite\/"},{"@type":"ListItem","position":3,"name":"Focal Areas","item":"https:\/\/northwest-alliance.de\/en\/startseite\/high-profile-areas\/"},{"@type":"ListItem","position":4,"name":"Global Social Policy"}]},{"@type":"WebSite","@id":"https:\/\/northwest-alliance.de\/en\/#website","url":"https:\/\/northwest-alliance.de\/en\/","name":"Northwest Alliance","description":"","publisher":{"@id":"https:\/\/northwest-alliance.de\/en\/#organization"},"potentialAction":[{"@type":"SearchAction","target":{"@type":"EntryPoint","urlTemplate":"https:\/\/northwest-alliance.de\/en\/?s={search_term_string}"},"query-input":{"@type":"PropertyValueSpecification","valueRequired":true,"valueName":"search_term_string"}}],"inLanguage":"en-US"},{"@type":"Organization","@id":"https:\/\/northwest-alliance.de\/en\/#organization","name":"Northwest Alliance (NWA)","url":"https:\/\/northwest-alliance.de\/en\/","logo":{"@type":"ImageObject","inLanguage":"en-US","@id":"https:\/\/northwest-alliance.de\/en\/#\/schema\/logo\/image\/","url":"https:\/\/northwest-alliance.de\/wp-content\/uploads\/2025\/01\/nwa-thumbnail.jpg","contentUrl":"https:\/\/northwest-alliance.de\/wp-content\/uploads\/2025\/01\/nwa-thumbnail.jpg","width":1555,"height":995,"caption":"Northwest Alliance (NWA)"},"image":{"@id":"https:\/\/northwest-alliance.de\/en\/#\/schema\/logo\/image\/"},"sameAs":["https:\/\/www.linkedin.com\/company\/northwest-alliance"]}]}},"_links":{"self":[{"href":"https:\/\/northwest-alliance.de\/en\/wp-json\/wp\/v2\/pages\/5433","targetHints":{"allow":["GET"]}}],"collection":[{"href":"https:\/\/northwest-alliance.de\/en\/wp-json\/wp\/v2\/pages"}],"about":[{"href":"https:\/\/northwest-alliance.de\/en\/wp-json\/wp\/v2\/types\/page"}],"author":[{"embeddable":true,"href":"https:\/\/northwest-alliance.de\/en\/wp-json\/wp\/v2\/users\/5"}],"replies":[{"embeddable":true,"href":"https:\/\/northwest-alliance.de\/en\/wp-json\/wp\/v2\/comments?post=5433"}],"version-history":[{"count":24,"href":"https:\/\/northwest-alliance.de\/en\/wp-json\/wp\/v2\/pages\/5433\/revisions"}],"predecessor-version":[{"id":5677,"href":"https:\/\/northwest-alliance.de\/en\/wp-json\/wp\/v2\/pages\/5433\/revisions\/5677"}],"up":[{"embeddable":true,"href":"https:\/\/northwest-alliance.de\/en\/wp-json\/wp\/v2\/pages\/3716"}],"wp:attachment":[{"href":"https:\/\/northwest-alliance.de\/en\/wp-json\/wp\/v2\/media?parent=5433"}],"curies":[{"name":"wp","href":"https:\/\/api.w.org\/{rel}","templated":true}]}}